{"id":7452,"date":"2021-06-17T14:54:23","date_gmt":"2021-06-17T12:54:23","guid":{"rendered":"http:\/\/tz-vinodol.hr\/das-gesetzbuch-von-vinodol\/"},"modified":"2021-06-24T18:15:02","modified_gmt":"2021-06-24T16:15:02","slug":"das-gesetzbuch-von-vinodol","status":"publish","type":"page","link":"https:\/\/tz-vinodol.hr\/de\/das-gesetzbuch-von-vinodol\/","title":{"rendered":"DAS GESETZBUCH VON VINODOL"},"content":{"rendered":"\t\t<div data-elementor-type=\"wp-page\" data-elementor-id=\"7452\" class=\"elementor elementor-7452 elementor-4664\" data-elementor-post-type=\"page\">\n\t\t\t\t\t\t<section class=\"elementor-section elementor-top-section elementor-element elementor-element-e0131f1 elementor-section-full_width elementor-section-height-default elementor-section-height-default\" data-id=\"e0131f1\" data-element_type=\"section\" data-e-type=\"section\" data-settings=\"{&quot;background_background&quot;:&quot;classic&quot;,&quot;jet_parallax_layout_list&quot;:[{&quot;jet_parallax_layout_image&quot;:{&quot;url&quot;:&quot;&quot;,&quot;id&quot;:&quot;&quot;,&quot;size&quot;:&quot;&quot;},&quot;_id&quot;:&quot;cd2494b&quot;,&quot;jet_parallax_layout_image_tablet_extra&quot;:{&quot;url&quot;:&quot;&quot;,&quot;id&quot;:&quot;&quot;,&quot;size&quot;:&quot;&quot;},&quot;jet_parallax_layout_image_tablet&quot;:{&quot;url&quot;:&quot;&quot;,&quot;id&quot;:&quot;&quot;,&quot;size&quot;:&quot;&quot;},&quot;jet_parallax_layout_image_mobile_extra&quot;:{&quot;url&quot;:&quot;&quot;,&quot;id&quot;:&quot;&quot;,&quot;size&quot;:&quot;&quot;},&quot;jet_parallax_layout_image_mobile&quot;:{&quot;url&quot;:&quot;&quot;,&quot;id&quot;:&quot;&quot;,&quot;size&quot;:&quot;&quot;},&quot;jet_parallax_layout_speed&quot;:{&quot;unit&quot;:&quot;%&quot;,&quot;size&quot;:50,&quot;sizes&quot;:[]},&quot;jet_parallax_layout_type&quot;:&quot;scroll&quot;,&quot;jet_parallax_layout_direction&quot;:&quot;1&quot;,&quot;jet_parallax_layout_fx_direction&quot;:null,&quot;jet_parallax_layout_z_index&quot;:&quot;&quot;,&quot;jet_parallax_layout_bg_x&quot;:50,&quot;jet_parallax_layout_bg_x_tablet_extra&quot;:&quot;&quot;,&quot;jet_parallax_layout_bg_x_tablet&quot;:&quot;&quot;,&quot;jet_parallax_layout_bg_x_mobile_extra&quot;:&quot;&quot;,&quot;jet_parallax_layout_bg_x_mobile&quot;:&quot;&quot;,&quot;jet_parallax_layout_bg_y&quot;:50,&quot;jet_parallax_layout_bg_y_tablet_extra&quot;:&quot;&quot;,&quot;jet_parallax_layout_bg_y_tablet&quot;:&quot;&quot;,&quot;jet_parallax_layout_bg_y_mobile_extra&quot;:&quot;&quot;,&quot;jet_parallax_layout_bg_y_mobile&quot;:&quot;&quot;,&quot;jet_parallax_layout_bg_size&quot;:&quot;auto&quot;,&quot;jet_parallax_layout_bg_size_tablet_extra&quot;:&quot;&quot;,&quot;jet_parallax_layout_bg_size_tablet&quot;:&quot;&quot;,&quot;jet_parallax_layout_bg_size_mobile_extra&quot;:&quot;&quot;,&quot;jet_parallax_layout_bg_size_mobile&quot;:&quot;&quot;,&quot;jet_parallax_layout_animation_prop&quot;:&quot;transform&quot;,&quot;jet_parallax_layout_on&quot;:[&quot;desktop&quot;,&quot;tablet&quot;]}]}\">\n\t\t\t\t\t\t\t<div class=\"elementor-background-overlay\"><\/div>\n\t\t\t\t\t\t\t<div class=\"elementor-container elementor-column-gap-default\">\n\t\t\t\t\t<div class=\"elementor-column elementor-col-100 elementor-top-column elementor-element elementor-element-8d3c515\" data-id=\"8d3c515\" data-element_type=\"column\" data-e-type=\"column\" data-settings=\"{&quot;background_background&quot;:&quot;classic&quot;}\">\n\t\t\t<div class=\"elementor-widget-wrap elementor-element-populated\">\n\t\t\t\t\t<div class=\"elementor-background-overlay\"><\/div>\n\t\t\t\t\t\t<section class=\"elementor-section elementor-inner-section elementor-element elementor-element-2df1568 elementor-section-height-min-height elementor-section-boxed elementor-section-height-default\" data-id=\"2df1568\" data-element_type=\"section\" data-e-type=\"section\" data-settings=\"{&quot;jet_parallax_layout_list&quot;:[{&quot;jet_parallax_layout_image&quot;:{&quot;url&quot;:&quot;&quot;,&quot;id&quot;:&quot;&quot;,&quot;size&quot;:&quot;&quot;},&quot;_id&quot;:&quot;5f913cf&quot;,&quot;jet_parallax_layout_image_tablet_extra&quot;:{&quot;url&quot;:&quot;&quot;,&quot;id&quot;:&quot;&quot;,&quot;size&quot;:&quot;&quot;},&quot;jet_parallax_layout_image_tablet&quot;:{&quot;url&quot;:&quot;&quot;,&quot;id&quot;:&quot;&quot;,&quot;size&quot;:&quot;&quot;},&quot;jet_parallax_layout_image_mobile_extra&quot;:{&quot;url&quot;:&quot;&quot;,&quot;id&quot;:&quot;&quot;,&quot;size&quot;:&quot;&quot;},&quot;jet_parallax_layout_image_mobile&quot;:{&quot;url&quot;:&quot;&quot;,&quot;id&quot;:&quot;&quot;,&quot;size&quot;:&quot;&quot;},&quot;jet_parallax_layout_speed&quot;:{&quot;unit&quot;:&quot;%&quot;,&quot;size&quot;:50,&quot;sizes&quot;:[]},&quot;jet_parallax_layout_type&quot;:&quot;scroll&quot;,&quot;jet_parallax_layout_direction&quot;:&quot;1&quot;,&quot;jet_parallax_layout_fx_direction&quot;:null,&quot;jet_parallax_layout_z_index&quot;:&quot;&quot;,&quot;jet_parallax_layout_bg_x&quot;:50,&quot;jet_parallax_layout_bg_x_tablet_extra&quot;:&quot;&quot;,&quot;jet_parallax_layout_bg_x_tablet&quot;:&quot;&quot;,&quot;jet_parallax_layout_bg_x_mobile_extra&quot;:&quot;&quot;,&quot;jet_parallax_layout_bg_x_mobile&quot;:&quot;&quot;,&quot;jet_parallax_layout_bg_y&quot;:50,&quot;jet_parallax_layout_bg_y_tablet_extra&quot;:&quot;&quot;,&quot;jet_parallax_layout_bg_y_tablet&quot;:&quot;&quot;,&quot;jet_parallax_layout_bg_y_mobile_extra&quot;:&quot;&quot;,&quot;jet_parallax_layout_bg_y_mobile&quot;:&quot;&quot;,&quot;jet_parallax_layout_bg_size&quot;:&quot;auto&quot;,&quot;jet_parallax_layout_bg_size_tablet_extra&quot;:&quot;&quot;,&quot;jet_parallax_layout_bg_size_tablet&quot;:&quot;&quot;,&quot;jet_parallax_layout_bg_size_mobile_extra&quot;:&quot;&quot;,&quot;jet_parallax_layout_bg_size_mobile&quot;:&quot;&quot;,&quot;jet_parallax_layout_animation_prop&quot;:&quot;transform&quot;,&quot;jet_parallax_layout_on&quot;:[&quot;desktop&quot;,&quot;tablet&quot;]}]}\">\n\t\t\t\t\t\t<div class=\"elementor-container elementor-column-gap-default\">\n\t\t\t\t\t<div class=\"elementor-column elementor-col-100 elementor-inner-column elementor-element elementor-element-a541620\" data-id=\"a541620\" data-element_type=\"column\" data-e-type=\"column\">\n\t\t\t<div class=\"elementor-widget-wrap elementor-element-populated\">\n\t\t\t\t\t\t<div class=\"elementor-element elementor-element-66d285f3 elementor-widget elementor-widget-heading\" data-id=\"66d285f3\" data-element_type=\"widget\" data-e-type=\"widget\" data-widget_type=\"heading.default\">\n\t\t\t\t<div class=\"elementor-widget-container\">\n\t\t\t\t\t<h2 class=\"elementor-heading-title elementor-size-default\">Das Gesetzbuch von Vinodol und die Glagoliza<\/h2>\t\t\t\t<\/div>\n\t\t\t\t<\/div>\n\t\t\t\t<div class=\"elementor-element elementor-element-3c3ad3a elementor-widget elementor-widget-image\" data-id=\"3c3ad3a\" data-element_type=\"widget\" data-e-type=\"widget\" data-widget_type=\"image.default\">\n\t\t\t\t<div class=\"elementor-widget-container\">\n\t\t\t\t\t\t\t\t\t\t\t\t\t\t\t<img decoding=\"async\" src=\"https:\/\/tz-vinodol.hr\/wp-content\/uploads\/elementor\/thumbs\/underline-wave-p7eb8a8crzmm76b6c1niwqo5wm76qq8bdls6b7ehnk.png\" title=\"underline-wave.png\" alt=\"underline-wave.png\" loading=\"lazy\" \/>\t\t\t\t\t\t\t\t\t\t\t\t\t\t\t<\/div>\n\t\t\t\t<\/div>\n\t\t\t\t\t<\/div>\n\t\t<\/div>\n\t\t\t\t\t<\/div>\n\t\t<\/section>\n\t\t\t\t\t<\/div>\n\t\t<\/div>\n\t\t\t\t\t<\/div>\n\t\t<\/section>\n\t\t\t\t<section class=\"elementor-section elementor-top-section elementor-element elementor-element-41a24278 elementor-reverse-mobile elementor-section-boxed elementor-section-height-default elementor-section-height-default\" data-id=\"41a24278\" data-element_type=\"section\" data-e-type=\"section\" data-settings=\"{&quot;jet_parallax_layout_list&quot;:[{&quot;_id&quot;:&quot;0a1e982&quot;,&quot;jet_parallax_layout_image&quot;:{&quot;url&quot;:&quot;&quot;,&quot;id&quot;:&quot;&quot;,&quot;size&quot;:&quot;&quot;},&quot;jet_parallax_layout_image_tablet_extra&quot;:{&quot;url&quot;:&quot;&quot;,&quot;id&quot;:&quot;&quot;,&quot;size&quot;:&quot;&quot;},&quot;jet_parallax_layout_image_tablet&quot;:{&quot;url&quot;:&quot;&quot;,&quot;id&quot;:&quot;&quot;,&quot;size&quot;:&quot;&quot;},&quot;jet_parallax_layout_image_mobile_extra&quot;:{&quot;url&quot;:&quot;&quot;,&quot;id&quot;:&quot;&quot;,&quot;size&quot;:&quot;&quot;},&quot;jet_parallax_layout_image_mobile&quot;:{&quot;url&quot;:&quot;&quot;,&quot;id&quot;:&quot;&quot;,&quot;size&quot;:&quot;&quot;},&quot;jet_parallax_layout_speed&quot;:{&quot;unit&quot;:&quot;%&quot;,&quot;size&quot;:50,&quot;sizes&quot;:[]},&quot;jet_parallax_layout_type&quot;:&quot;scroll&quot;,&quot;jet_parallax_layout_direction&quot;:&quot;1&quot;,&quot;jet_parallax_layout_fx_direction&quot;:null,&quot;jet_parallax_layout_z_index&quot;:&quot;&quot;,&quot;jet_parallax_layout_bg_x&quot;:50,&quot;jet_parallax_layout_bg_x_tablet_extra&quot;:&quot;&quot;,&quot;jet_parallax_layout_bg_x_tablet&quot;:&quot;&quot;,&quot;jet_parallax_layout_bg_x_mobile_extra&quot;:&quot;&quot;,&quot;jet_parallax_layout_bg_x_mobile&quot;:&quot;&quot;,&quot;jet_parallax_layout_bg_y&quot;:50,&quot;jet_parallax_layout_bg_y_tablet_extra&quot;:&quot;&quot;,&quot;jet_parallax_layout_bg_y_tablet&quot;:&quot;&quot;,&quot;jet_parallax_layout_bg_y_mobile_extra&quot;:&quot;&quot;,&quot;jet_parallax_layout_bg_y_mobile&quot;:&quot;&quot;,&quot;jet_parallax_layout_bg_size&quot;:&quot;auto&quot;,&quot;jet_parallax_layout_bg_size_tablet_extra&quot;:&quot;&quot;,&quot;jet_parallax_layout_bg_size_tablet&quot;:&quot;&quot;,&quot;jet_parallax_layout_bg_size_mobile_extra&quot;:&quot;&quot;,&quot;jet_parallax_layout_bg_size_mobile&quot;:&quot;&quot;,&quot;jet_parallax_layout_animation_prop&quot;:&quot;transform&quot;,&quot;jet_parallax_layout_on&quot;:[&quot;desktop&quot;,&quot;tablet&quot;]}]}\">\n\t\t\t\t\t\t\t<div class=\"elementor-background-overlay\"><\/div>\n\t\t\t\t\t\t\t<div class=\"elementor-container elementor-column-gap-default\">\n\t\t\t\t\t<div class=\"elementor-column elementor-col-100 elementor-top-column elementor-element elementor-element-3060ae62\" data-id=\"3060ae62\" data-element_type=\"column\" data-e-type=\"column\">\n\t\t\t<div class=\"elementor-widget-wrap elementor-element-populated\">\n\t\t\t\t\t\t<div class=\"elementor-element elementor-element-44ae66b elementor-widget elementor-widget-heading\" data-id=\"44ae66b\" data-element_type=\"widget\" data-e-type=\"widget\" data-widget_type=\"heading.default\">\n\t\t\t\t<div class=\"elementor-widget-container\">\n\t\t\t\t\t<h2 class=\"elementor-heading-title elementor-size-default\">Das Gesetzbuch von Vinodol<\/h2>\t\t\t\t<\/div>\n\t\t\t\t<\/div>\n\t\t\t\t<div class=\"elementor-element elementor-element-3a5cbe1 elementor-widget elementor-widget-heading\" data-id=\"3a5cbe1\" data-element_type=\"widget\" data-e-type=\"widget\" data-widget_type=\"heading.default\">\n\t\t\t\t<div class=\"elementor-widget-container\">\n\t\t\t\t\t<h2 class=\"elementor-heading-title elementor-size-default\">Das Gesetzbuch von Vinodol ist der \u00e4lteste Text des kroatischen mittelalterlichen Gewohnheitsrechts, der im \u010dakavischen Dialekt und dem alten kroatischen glagolitischen Alphabet verfasst ist.<\/h2>\t\t\t\t<\/div>\n\t\t\t\t<\/div>\n\t\t\t\t<div class=\"elementor-element elementor-element-5e43a0a3 elementor-widget elementor-widget-image\" data-id=\"5e43a0a3\" data-element_type=\"widget\" data-e-type=\"widget\" data-widget_type=\"image.default\">\n\t\t\t\t<div class=\"elementor-widget-container\">\n\t\t\t\t\t\t\t\t\t\t\t\t\t\t\t<img decoding=\"async\" src=\"https:\/\/tz-vinodol.hr\/wp-content\/uploads\/elementor\/thumbs\/underline-wave-p7eb8a8crzmm76b6c1niwqo5wm76qq8bdls6b7ehnk.png\" title=\"underline-wave.png\" alt=\"underline-wave.png\" loading=\"lazy\" \/>\t\t\t\t\t\t\t\t\t\t\t\t\t\t\t<\/div>\n\t\t\t\t<\/div>\n\t\t\t\t<div class=\"elementor-element elementor-element-629c1e0 elementor-widget elementor-widget-text-editor\" data-id=\"629c1e0\" data-element_type=\"widget\" data-e-type=\"widget\" data-widget_type=\"text-editor.default\">\n\t\t\t\t<div class=\"elementor-widget-container\">\n\t\t\t\t\t\t\t\t\t<div align=\"justify\"><img fetchpriority=\"high\" decoding=\"async\" class=\"alignleft wp-image-4669\" src=\"https:\/\/tz-vinodol.hr\/wp-content\/uploads\/2021\/05\/im-1-300x223.jpg\" alt=\"\" width=\"450\" height=\"334\" title=\"\" srcset=\"https:\/\/tz-vinodol.hr\/wp-content\/uploads\/2021\/05\/im-1-300x223.jpg 300w, https:\/\/tz-vinodol.hr\/wp-content\/uploads\/2021\/05\/im-1-600x446.jpg 600w, https:\/\/tz-vinodol.hr\/wp-content\/uploads\/2021\/05\/im-1.jpg 700w\" sizes=\"(max-width: 450px) 100vw, 450px\" \/><\/div><div align=\"justify\"><div class=\"\" dir=\"auto\"><div id=\"jsc_c_jl\" class=\"ecm0bbzt hv4rvrfc ihqw7lf3 dati1w0a\" data-ad-comet-preview=\"message\" data-ad-preview=\"message\"><div class=\"j83agx80 cbu4d94t ew0dbk1b irj2b8pg\"><div class=\"qzhwtbm6 knvmm38d\"><div class=\"kvgmc6g5 cxmmr5t8 oygrvhab hcukyx3x c1et5uql ii04i59q\"><p>Am 6. Januar 1288 trafen sich in Novi Vinodolski Prinz Leonardo von Krk und Vertreter von neun Vinodol-St\u00e4dten: Bakar, Bribir, Drivenik, Gri\u017eane, Grobnik, Hreljin, Ledenice, Novi und Trsat. Sie erstellten und unterzeichneten eines der \u00e4ltesten bekannten Dokumente des Gewohnheitsrechts, den \u201eVinodol-Codex\u201c, geschrieben im \u010dakavischen Dialekt und dem alten kroatischen glagolitischen Alphabet.<\/p><p>Der Codex besteht aus 77 Artikeln, in denen die Beziehungen zwischen den freien St\u00e4dten von Vinodol und den F\u00fcrsten von Krk, geschrieben auf 14 Pergamentbl\u00e4ttern, ausf\u00fchrlich dargelegt werden. N\u00e4mlich aufgrund des Geschenks des kroatisch-ungarischen K\u00f6nigs Andreas II. 1225 fiel Vinodol unter die Herrschaft der Herrscher von Krk. Freie Bauern wollten keine Leibeigenen sein, daher gab es einen Konflikt, der bis 1288 andauerte, als die Bev\u00f6lkerung von Vinodol die Autorit\u00e4t der F\u00fcrsten der Insel anerkannte und ihnen einige Zugest\u00e4ndnisse machte.<\/p><p>Obwohl es sich um ein Gesetz handelt, das in erster Linie die Interessen der Feudalherren sch\u00fctzt, enth\u00e4lt das Vinodol-Codex Neuerungen aus verschiedenen Rechtsgebieten: Verwaltungs-, Straf- und Verfahrensrecht, es ist ein wichtiges Denkmal des alten kroatischen Gewohnheitsrechts. Interessant ist auch, dass \u201edie Rechte der Frauen\u201c erw\u00e4hnt werden, was damals undenkbar war.<\/p><p>Bis heute ist das Vinodol-Gesetz eines der am besten untersuchten Rechtsdokumente der Welt und noch heute als wichtiges Denkmal der kroatischen Kultur Gegenstand verschiedener Forschungen und Themen professioneller Arbeiten.<\/p><p>Der Text ist nicht im Original erhalten, und die \u00e4lteste Handschrift (aufbewahrt in der National- und Universit\u00e4tsbibliothek in Zagreb) wurde in der zweiten H\u00e4lfte des 16. Jahrhunderts in glagolitischer Sprache verfasst. Er wurde erstmals 1843 von Antun Ma\u017eurani\u0107 in der Zeitschrift Kolo ver\u00f6ffentlicht. Josip Bodnjanski \u00fcbersetzte den Codex 1856 ins Russische, Wac\u0142aw Alexander Maciejowski ins Polnische. 1878 ver\u00f6ffentlichte A. M. Evreinova in St. Petersburg eine phototypische Ausgabe des Originals mit lateinischer und kyrillischer Transkription. Von den Rechtshistorikern hat Lujo Margeti\u0107 sie in j\u00fcngster Zeit am meisten erforscht. Nur die russische Pravda, die in der Zeit vom 11. bis zum 13. Jahrhundert in slawischer Sprache verfasst wurde, ist \u00e4lter.<\/p><\/div><\/div><\/div><\/div><\/div><h6 dir=\"auto\" style=\"text-align: right;\">Quelle: Dra\u017een Krajcar \/ povijest.hr<\/h6><\/div>\t\t\t\t\t\t\t\t<\/div>\n\t\t\t\t<\/div>\n\t\t\t\t\t<\/div>\n\t\t<\/div>\n\t\t\t\t\t<\/div>\n\t\t<\/section>\n\t\t\t\t<section class=\"elementor-section elementor-top-section elementor-element elementor-element-7780e90 elementor-reverse-mobile elementor-section-boxed elementor-section-height-default elementor-section-height-default\" data-id=\"7780e90\" data-element_type=\"section\" data-e-type=\"section\" data-settings=\"{&quot;jet_parallax_layout_list&quot;:[{&quot;_id&quot;:&quot;0a1e982&quot;,&quot;jet_parallax_layout_image&quot;:{&quot;url&quot;:&quot;&quot;,&quot;id&quot;:&quot;&quot;,&quot;size&quot;:&quot;&quot;},&quot;jet_parallax_layout_image_tablet_extra&quot;:{&quot;url&quot;:&quot;&quot;,&quot;id&quot;:&quot;&quot;,&quot;size&quot;:&quot;&quot;},&quot;jet_parallax_layout_image_tablet&quot;:{&quot;url&quot;:&quot;&quot;,&quot;id&quot;:&quot;&quot;,&quot;size&quot;:&quot;&quot;},&quot;jet_parallax_layout_image_mobile_extra&quot;:{&quot;url&quot;:&quot;&quot;,&quot;id&quot;:&quot;&quot;,&quot;size&quot;:&quot;&quot;},&quot;jet_parallax_layout_image_mobile&quot;:{&quot;url&quot;:&quot;&quot;,&quot;id&quot;:&quot;&quot;,&quot;size&quot;:&quot;&quot;},&quot;jet_parallax_layout_speed&quot;:{&quot;unit&quot;:&quot;%&quot;,&quot;size&quot;:50,&quot;sizes&quot;:[]},&quot;jet_parallax_layout_type&quot;:&quot;scroll&quot;,&quot;jet_parallax_layout_direction&quot;:&quot;1&quot;,&quot;jet_parallax_layout_fx_direction&quot;:null,&quot;jet_parallax_layout_z_index&quot;:&quot;&quot;,&quot;jet_parallax_layout_bg_x&quot;:50,&quot;jet_parallax_layout_bg_x_tablet_extra&quot;:&quot;&quot;,&quot;jet_parallax_layout_bg_x_tablet&quot;:&quot;&quot;,&quot;jet_parallax_layout_bg_x_mobile_extra&quot;:&quot;&quot;,&quot;jet_parallax_layout_bg_x_mobile&quot;:&quot;&quot;,&quot;jet_parallax_layout_bg_y&quot;:50,&quot;jet_parallax_layout_bg_y_tablet_extra&quot;:&quot;&quot;,&quot;jet_parallax_layout_bg_y_tablet&quot;:&quot;&quot;,&quot;jet_parallax_layout_bg_y_mobile_extra&quot;:&quot;&quot;,&quot;jet_parallax_layout_bg_y_mobile&quot;:&quot;&quot;,&quot;jet_parallax_layout_bg_size&quot;:&quot;auto&quot;,&quot;jet_parallax_layout_bg_size_tablet_extra&quot;:&quot;&quot;,&quot;jet_parallax_layout_bg_size_tablet&quot;:&quot;&quot;,&quot;jet_parallax_layout_bg_size_mobile_extra&quot;:&quot;&quot;,&quot;jet_parallax_layout_bg_size_mobile&quot;:&quot;&quot;,&quot;jet_parallax_layout_animation_prop&quot;:&quot;transform&quot;,&quot;jet_parallax_layout_on&quot;:[&quot;desktop&quot;,&quot;tablet&quot;]}]}\">\n\t\t\t\t\t\t<div class=\"elementor-container elementor-column-gap-default\">\n\t\t\t\t\t<div class=\"elementor-column elementor-col-100 elementor-top-column elementor-element elementor-element-b7fffb6\" data-id=\"b7fffb6\" data-element_type=\"column\" data-e-type=\"column\">\n\t\t\t<div class=\"elementor-widget-wrap elementor-element-populated\">\n\t\t\t\t\t\t<div class=\"elementor-element elementor-element-98245cb elementor-widget elementor-widget-heading\" data-id=\"98245cb\" data-element_type=\"widget\" data-e-type=\"widget\" data-widget_type=\"heading.default\">\n\t\t\t\t<div class=\"elementor-widget-container\">\n\t\t\t\t\t<h2 class=\"elementor-heading-title elementor-size-default\">Die Glagoliza<\/h2>\t\t\t\t<\/div>\n\t\t\t\t<\/div>\n\t\t\t\t<div class=\"elementor-element elementor-element-fab901a elementor-widget elementor-widget-heading\" data-id=\"fab901a\" data-element_type=\"widget\" data-e-type=\"widget\" data-widget_type=\"heading.default\">\n\t\t\t\t<div class=\"elementor-widget-container\">\n\t\t\t\t\t<h2 class=\"elementor-heading-title elementor-size-default\">Die Glagoliza ist eine altslawische Schrift, die Mitte des 11. Jahrhunderts entstanden ist.<\/h2>\t\t\t\t<\/div>\n\t\t\t\t<\/div>\n\t\t\t\t<div class=\"elementor-element elementor-element-bc61c9b elementor-widget elementor-widget-image\" data-id=\"bc61c9b\" data-element_type=\"widget\" data-e-type=\"widget\" data-widget_type=\"image.default\">\n\t\t\t\t<div class=\"elementor-widget-container\">\n\t\t\t\t\t\t\t\t\t\t\t\t\t\t\t<img decoding=\"async\" src=\"https:\/\/tz-vinodol.hr\/wp-content\/uploads\/elementor\/thumbs\/underline-wave-p7eb8a8crzmm76b6c1niwqo5wm76qq8bdls6b7ehnk.png\" title=\"underline-wave.png\" alt=\"underline-wave.png\" loading=\"lazy\" \/>\t\t\t\t\t\t\t\t\t\t\t\t\t\t\t<\/div>\n\t\t\t\t<\/div>\n\t\t\t\t<div class=\"elementor-element elementor-element-c8a1131 elementor-widget elementor-widget-text-editor\" data-id=\"c8a1131\" data-element_type=\"widget\" data-e-type=\"widget\" data-widget_type=\"text-editor.default\">\n\t\t\t\t<div class=\"elementor-widget-container\">\n\t\t\t\t\t\t\t\t\t<div align=\"justify\"><p><img decoding=\"async\" class=\"alignleft size-medium wp-image-4670\" src=\"https:\/\/tz-vinodol.hr\/wp-content\/uploads\/2021\/05\/Glagoljica_Zagreb_Kathedral-229x300.jpg\" alt=\"\" width=\"229\" height=\"300\" title=\"\" srcset=\"https:\/\/tz-vinodol.hr\/wp-content\/uploads\/2021\/05\/Glagoljica_Zagreb_Kathedral-229x300.jpg 229w, https:\/\/tz-vinodol.hr\/wp-content\/uploads\/2021\/05\/Glagoljica_Zagreb_Kathedral-782x1024.jpg 782w, https:\/\/tz-vinodol.hr\/wp-content\/uploads\/2021\/05\/Glagoljica_Zagreb_Kathedral-768x1005.jpg 768w, https:\/\/tz-vinodol.hr\/wp-content\/uploads\/2021\/05\/Glagoljica_Zagreb_Kathedral-1174x1536.jpg 1174w, https:\/\/tz-vinodol.hr\/wp-content\/uploads\/2021\/05\/Glagoljica_Zagreb_Kathedral-600x785.jpg 600w, https:\/\/tz-vinodol.hr\/wp-content\/uploads\/2021\/05\/Glagoljica_Zagreb_Kathedral.jpg 1438w\" sizes=\"(max-width: 229px) 100vw, 229px\" \/><\/p><div align=\"justify\"><p>Die Glagoliza ist eine altslawischer Schrift, die Mitte des 11. Jahrhunderts \u00a0entstanden ist und in den kroatischen Gegenden noch bis zum 19. Jahrhundert zu finden war, obgleich sie bereits Anfang des 16. Jahrhunderts vermehrt von der lateinische Schrift verdr\u00e4ngt wurde. Die Glagoliza gibt es in zwei Formen, als: runde oder bulgarische Form oder eckige, kroatische Form. Als Autoren der Glagoliza, werden vor allem die hl. Kyrill und Method erw\u00e4hnt, die mit Hilfe der glagolitischen Schrift, Kirchenb\u00fccher in die altslawische Sprache \u00fcbersetzten.<\/p><p>In der Region Vinodol sieht man viele geschriebene Dokumente in kroatischer oder glagolitischer Schrift. Sie ist wichtig, da die gesellschaftlichen, wirtschaftlichen und kulturellen Anschauungen durch die historische Entwicklung der Gegend von Vinodol veranschaulicht werden.<\/p><p>Einige davon haben vielleicht keine gro\u00dfe geschichtliche Bedeutung, eignen jedoch trotzdem als Quelle, um diverse Charakterz\u00fcge von Vinodol und seinen Bewohnern aus der Vergangenheit kennen zu lernen; volkst\u00fcmliche kroatische Familiennamen, volkst\u00fcmliche Gebrauchsrechte, Topographie, Volkssprache, aber vor allem wichtig ist sie, um die altkroatische Sprache kennen zu lernen. Prof. Barbari\u0107 sagte: \u201eDa viele der glagolitischen Dokumente aus der Region stammen, in der der \u010dakavische Dialekt gesprochen wurde, sind diese von gro\u00dfer Bedeutung um mehr \u00fcber unsere kroatische Redensart zu erfahren.\u201c<\/p><\/div><\/div><div align=\"justify\"><div align=\"left\">\u00a0<\/div><h6 style=\"text-align: right;\" align=\"left\">Ivan Barbari\u0107 prof.<\/h6><\/div>\t\t\t\t\t\t\t\t<\/div>\n\t\t\t\t<\/div>\n\t\t\t\t\t<\/div>\n\t\t<\/div>\n\t\t\t\t\t<\/div>\n\t\t<\/section>\n\t\t\t\t<\/div>\n\t\t","protected":false},"excerpt":{"rendered":"<p>Das Gesetzbuch von Vinodol und die Glagoliza Das Gesetzbuch von Vinodol Das Gesetzbuch von Vinodol ist der \u00e4lteste Text des kroatischen mittelalterlichen Gewohnheitsrechts, der im \u010dakavischen Dialekt und dem alten kroatischen glagolitischen Alphabet verfasst ist. Am 6. Januar 1288 trafen sich in Novi Vinodolski Prinz Leonardo von Krk und Vertreter von neun Vinodol-St\u00e4dten: Bakar, Bribir, [&hellip;]<\/p>\n","protected":false},"author":1,"featured_media":0,"parent":0,"menu_order":0,"comment_status":"closed","ping_status":"closed","template":"elementor_header_footer","meta":{"_exactmetrics_skip_tracking":false,"_exactmetrics_sitenote_active":false,"_exactmetrics_sitenote_note":"","_exactmetrics_sitenote_category":0,"_jet_sm_ready_style":"","_jet_sm_style":"","_jet_sm_controls_values":"","_jet_sm_fonts_collection":"","_jet_sm_fonts_links":"","footnotes":""},"class_list":["post-7452","page","type-page","status-publish","hentry"],"_links":{"self":[{"href":"https:\/\/tz-vinodol.hr\/de\/wp-json\/wp\/v2\/pages\/7452","targetHints":{"allow":["GET"]}}],"collection":[{"href":"https:\/\/tz-vinodol.hr\/de\/wp-json\/wp\/v2\/pages"}],"about":[{"href":"https:\/\/tz-vinodol.hr\/de\/wp-json\/wp\/v2\/types\/page"}],"author":[{"embeddable":true,"href":"https:\/\/tz-vinodol.hr\/de\/wp-json\/wp\/v2\/users\/1"}],"replies":[{"embeddable":true,"href":"https:\/\/tz-vinodol.hr\/de\/wp-json\/wp\/v2\/comments?post=7452"}],"version-history":[{"count":4,"href":"https:\/\/tz-vinodol.hr\/de\/wp-json\/wp\/v2\/pages\/7452\/revisions"}],"predecessor-version":[{"id":8509,"href":"https:\/\/tz-vinodol.hr\/de\/wp-json\/wp\/v2\/pages\/7452\/revisions\/8509"}],"wp:attachment":[{"href":"https:\/\/tz-vinodol.hr\/de\/wp-json\/wp\/v2\/media?parent=7452"}],"curies":[{"name":"wp","href":"https:\/\/api.w.org\/{rel}","templated":true}]}}