{"id":9130,"date":"2021-06-26T11:41:07","date_gmt":"2021-06-26T09:41:07","guid":{"rendered":"http:\/\/tz-vinodol.hr\/vinodol-sommerabende\/"},"modified":"2023-05-24T10:25:42","modified_gmt":"2023-05-24T08:25:42","slug":"vinodol-sommerabende","status":"publish","type":"page","link":"https:\/\/tz-vinodol.hr\/de\/vinodol-sommerabende\/","title":{"rendered":"VINODOL SOMMERABENDE"},"content":{"rendered":"\t\t<div data-elementor-type=\"wp-page\" data-elementor-id=\"9130\" class=\"elementor elementor-9130 elementor-8856\" data-elementor-post-type=\"page\">\n\t\t\t\t\t\t<section class=\"elementor-section elementor-top-section elementor-element elementor-element-4aa0483 elementor-section-full_width elementor-section-height-default elementor-section-height-default\" data-id=\"4aa0483\" data-element_type=\"section\" data-e-type=\"section\" data-settings=\"{&quot;background_background&quot;:&quot;classic&quot;,&quot;jet_parallax_layout_list&quot;:[{&quot;jet_parallax_layout_image&quot;:{&quot;url&quot;:&quot;&quot;,&quot;id&quot;:&quot;&quot;,&quot;size&quot;:&quot;&quot;},&quot;_id&quot;:&quot;cd2494b&quot;,&quot;jet_parallax_layout_image_tablet_extra&quot;:{&quot;url&quot;:&quot;&quot;,&quot;id&quot;:&quot;&quot;,&quot;size&quot;:&quot;&quot;},&quot;jet_parallax_layout_image_tablet&quot;:{&quot;url&quot;:&quot;&quot;,&quot;id&quot;:&quot;&quot;,&quot;size&quot;:&quot;&quot;},&quot;jet_parallax_layout_image_mobile_extra&quot;:{&quot;url&quot;:&quot;&quot;,&quot;id&quot;:&quot;&quot;,&quot;size&quot;:&quot;&quot;},&quot;jet_parallax_layout_image_mobile&quot;:{&quot;url&quot;:&quot;&quot;,&quot;id&quot;:&quot;&quot;,&quot;size&quot;:&quot;&quot;},&quot;jet_parallax_layout_speed&quot;:{&quot;unit&quot;:&quot;%&quot;,&quot;size&quot;:50,&quot;sizes&quot;:[]},&quot;jet_parallax_layout_type&quot;:&quot;scroll&quot;,&quot;jet_parallax_layout_direction&quot;:&quot;1&quot;,&quot;jet_parallax_layout_fx_direction&quot;:null,&quot;jet_parallax_layout_z_index&quot;:&quot;&quot;,&quot;jet_parallax_layout_bg_x&quot;:50,&quot;jet_parallax_layout_bg_x_tablet_extra&quot;:&quot;&quot;,&quot;jet_parallax_layout_bg_x_tablet&quot;:&quot;&quot;,&quot;jet_parallax_layout_bg_x_mobile_extra&quot;:&quot;&quot;,&quot;jet_parallax_layout_bg_x_mobile&quot;:&quot;&quot;,&quot;jet_parallax_layout_bg_y&quot;:50,&quot;jet_parallax_layout_bg_y_tablet_extra&quot;:&quot;&quot;,&quot;jet_parallax_layout_bg_y_tablet&quot;:&quot;&quot;,&quot;jet_parallax_layout_bg_y_mobile_extra&quot;:&quot;&quot;,&quot;jet_parallax_layout_bg_y_mobile&quot;:&quot;&quot;,&quot;jet_parallax_layout_bg_size&quot;:&quot;auto&quot;,&quot;jet_parallax_layout_bg_size_tablet_extra&quot;:&quot;&quot;,&quot;jet_parallax_layout_bg_size_tablet&quot;:&quot;&quot;,&quot;jet_parallax_layout_bg_size_mobile_extra&quot;:&quot;&quot;,&quot;jet_parallax_layout_bg_size_mobile&quot;:&quot;&quot;,&quot;jet_parallax_layout_animation_prop&quot;:&quot;transform&quot;,&quot;jet_parallax_layout_on&quot;:[&quot;desktop&quot;,&quot;tablet&quot;]}]}\">\n\t\t\t\t\t\t\t<div class=\"elementor-background-overlay\"><\/div>\n\t\t\t\t\t\t\t<div class=\"elementor-container elementor-column-gap-default\">\n\t\t\t\t\t<div class=\"elementor-column elementor-col-100 elementor-top-column elementor-element elementor-element-7273ae2\" data-id=\"7273ae2\" data-element_type=\"column\" data-e-type=\"column\" data-settings=\"{&quot;background_background&quot;:&quot;classic&quot;}\">\n\t\t\t<div class=\"elementor-widget-wrap elementor-element-populated\">\n\t\t\t\t\t<div class=\"elementor-background-overlay\"><\/div>\n\t\t\t\t\t\t<section class=\"elementor-section elementor-inner-section elementor-element elementor-element-4e646ee elementor-section-height-min-height elementor-section-boxed elementor-section-height-default\" data-id=\"4e646ee\" data-element_type=\"section\" data-e-type=\"section\" data-settings=\"{&quot;jet_parallax_layout_list&quot;:[{&quot;jet_parallax_layout_image&quot;:{&quot;url&quot;:&quot;&quot;,&quot;id&quot;:&quot;&quot;,&quot;size&quot;:&quot;&quot;},&quot;_id&quot;:&quot;5f913cf&quot;,&quot;jet_parallax_layout_image_tablet_extra&quot;:{&quot;url&quot;:&quot;&quot;,&quot;id&quot;:&quot;&quot;,&quot;size&quot;:&quot;&quot;},&quot;jet_parallax_layout_image_tablet&quot;:{&quot;url&quot;:&quot;&quot;,&quot;id&quot;:&quot;&quot;,&quot;size&quot;:&quot;&quot;},&quot;jet_parallax_layout_image_mobile_extra&quot;:{&quot;url&quot;:&quot;&quot;,&quot;id&quot;:&quot;&quot;,&quot;size&quot;:&quot;&quot;},&quot;jet_parallax_layout_image_mobile&quot;:{&quot;url&quot;:&quot;&quot;,&quot;id&quot;:&quot;&quot;,&quot;size&quot;:&quot;&quot;},&quot;jet_parallax_layout_speed&quot;:{&quot;unit&quot;:&quot;%&quot;,&quot;size&quot;:50,&quot;sizes&quot;:[]},&quot;jet_parallax_layout_type&quot;:&quot;scroll&quot;,&quot;jet_parallax_layout_direction&quot;:&quot;1&quot;,&quot;jet_parallax_layout_fx_direction&quot;:null,&quot;jet_parallax_layout_z_index&quot;:&quot;&quot;,&quot;jet_parallax_layout_bg_x&quot;:50,&quot;jet_parallax_layout_bg_x_tablet_extra&quot;:&quot;&quot;,&quot;jet_parallax_layout_bg_x_tablet&quot;:&quot;&quot;,&quot;jet_parallax_layout_bg_x_mobile_extra&quot;:&quot;&quot;,&quot;jet_parallax_layout_bg_x_mobile&quot;:&quot;&quot;,&quot;jet_parallax_layout_bg_y&quot;:50,&quot;jet_parallax_layout_bg_y_tablet_extra&quot;:&quot;&quot;,&quot;jet_parallax_layout_bg_y_tablet&quot;:&quot;&quot;,&quot;jet_parallax_layout_bg_y_mobile_extra&quot;:&quot;&quot;,&quot;jet_parallax_layout_bg_y_mobile&quot;:&quot;&quot;,&quot;jet_parallax_layout_bg_size&quot;:&quot;auto&quot;,&quot;jet_parallax_layout_bg_size_tablet_extra&quot;:&quot;&quot;,&quot;jet_parallax_layout_bg_size_tablet&quot;:&quot;&quot;,&quot;jet_parallax_layout_bg_size_mobile_extra&quot;:&quot;&quot;,&quot;jet_parallax_layout_bg_size_mobile&quot;:&quot;&quot;,&quot;jet_parallax_layout_animation_prop&quot;:&quot;transform&quot;,&quot;jet_parallax_layout_on&quot;:[&quot;desktop&quot;,&quot;tablet&quot;]}]}\">\n\t\t\t\t\t\t<div class=\"elementor-container elementor-column-gap-default\">\n\t\t\t\t\t<div class=\"elementor-column elementor-col-100 elementor-inner-column elementor-element elementor-element-d992a5c\" data-id=\"d992a5c\" data-element_type=\"column\" data-e-type=\"column\">\n\t\t\t<div class=\"elementor-widget-wrap elementor-element-populated\">\n\t\t\t\t\t\t<div class=\"elementor-element elementor-element-04f776f elementor-widget elementor-widget-heading\" data-id=\"04f776f\" data-element_type=\"widget\" data-e-type=\"widget\" data-widget_type=\"heading.default\">\n\t\t\t\t<div class=\"elementor-widget-container\">\n\t\t\t\t\t<h1 class=\"elementor-heading-title elementor-size-default\">VINODOL SOMMERABENDE <\/h1>\t\t\t\t<\/div>\n\t\t\t\t<\/div>\n\t\t\t\t<div class=\"elementor-element elementor-element-139363a elementor-widget elementor-widget-image\" data-id=\"139363a\" data-element_type=\"widget\" data-e-type=\"widget\" data-widget_type=\"image.default\">\n\t\t\t\t<div class=\"elementor-widget-container\">\n\t\t\t\t\t\t\t\t\t\t\t\t\t\t\t<img decoding=\"async\" src=\"https:\/\/tz-vinodol.hr\/wp-content\/uploads\/elementor\/thumbs\/underline-wave-p7eb8a8crzmm76b6c1niwqo5wm76qq8bdls6b7ehnk.png\" title=\"underline-wave.png\" alt=\"underline-wave.png\" loading=\"lazy\" \/>\t\t\t\t\t\t\t\t\t\t\t\t\t\t\t<\/div>\n\t\t\t\t<\/div>\n\t\t\t\t\t<\/div>\n\t\t<\/div>\n\t\t\t\t\t<\/div>\n\t\t<\/section>\n\t\t\t\t\t<\/div>\n\t\t<\/div>\n\t\t\t\t\t<\/div>\n\t\t<\/section>\n\t\t\t\t<section class=\"elementor-section elementor-top-section elementor-element elementor-element-3d99b85 elementor-section-boxed elementor-section-height-default elementor-section-height-default\" data-id=\"3d99b85\" data-element_type=\"section\" data-e-type=\"section\" data-settings=\"{&quot;jet_parallax_layout_list&quot;:[{&quot;jet_parallax_layout_image&quot;:{&quot;url&quot;:&quot;&quot;,&quot;id&quot;:&quot;&quot;,&quot;size&quot;:&quot;&quot;},&quot;_id&quot;:&quot;7c9836c&quot;,&quot;jet_parallax_layout_image_tablet_extra&quot;:{&quot;url&quot;:&quot;&quot;,&quot;id&quot;:&quot;&quot;,&quot;size&quot;:&quot;&quot;},&quot;jet_parallax_layout_image_tablet&quot;:{&quot;url&quot;:&quot;&quot;,&quot;id&quot;:&quot;&quot;,&quot;size&quot;:&quot;&quot;},&quot;jet_parallax_layout_image_mobile_extra&quot;:{&quot;url&quot;:&quot;&quot;,&quot;id&quot;:&quot;&quot;,&quot;size&quot;:&quot;&quot;},&quot;jet_parallax_layout_image_mobile&quot;:{&quot;url&quot;:&quot;&quot;,&quot;id&quot;:&quot;&quot;,&quot;size&quot;:&quot;&quot;},&quot;jet_parallax_layout_speed&quot;:{&quot;unit&quot;:&quot;%&quot;,&quot;size&quot;:50,&quot;sizes&quot;:[]},&quot;jet_parallax_layout_type&quot;:&quot;scroll&quot;,&quot;jet_parallax_layout_direction&quot;:&quot;1&quot;,&quot;jet_parallax_layout_fx_direction&quot;:null,&quot;jet_parallax_layout_z_index&quot;:&quot;&quot;,&quot;jet_parallax_layout_bg_x&quot;:50,&quot;jet_parallax_layout_bg_x_tablet_extra&quot;:&quot;&quot;,&quot;jet_parallax_layout_bg_x_tablet&quot;:&quot;&quot;,&quot;jet_parallax_layout_bg_x_mobile_extra&quot;:&quot;&quot;,&quot;jet_parallax_layout_bg_x_mobile&quot;:&quot;&quot;,&quot;jet_parallax_layout_bg_y&quot;:50,&quot;jet_parallax_layout_bg_y_tablet_extra&quot;:&quot;&quot;,&quot;jet_parallax_layout_bg_y_tablet&quot;:&quot;&quot;,&quot;jet_parallax_layout_bg_y_mobile_extra&quot;:&quot;&quot;,&quot;jet_parallax_layout_bg_y_mobile&quot;:&quot;&quot;,&quot;jet_parallax_layout_bg_size&quot;:&quot;auto&quot;,&quot;jet_parallax_layout_bg_size_tablet_extra&quot;:&quot;&quot;,&quot;jet_parallax_layout_bg_size_tablet&quot;:&quot;&quot;,&quot;jet_parallax_layout_bg_size_mobile_extra&quot;:&quot;&quot;,&quot;jet_parallax_layout_bg_size_mobile&quot;:&quot;&quot;,&quot;jet_parallax_layout_animation_prop&quot;:&quot;transform&quot;,&quot;jet_parallax_layout_on&quot;:[&quot;desktop&quot;,&quot;tablet&quot;]}]}\">\n\t\t\t\t\t\t<div class=\"elementor-container elementor-column-gap-default\">\n\t\t\t\t\t<div class=\"elementor-column elementor-col-100 elementor-top-column elementor-element elementor-element-7dd4ba7\" data-id=\"7dd4ba7\" data-element_type=\"column\" data-e-type=\"column\">\n\t\t\t<div class=\"elementor-widget-wrap elementor-element-populated\">\n\t\t\t\t\t\t<div class=\"elementor-element elementor-element-e144772 elementor-widget elementor-widget-text-editor\" data-id=\"e144772\" data-element_type=\"widget\" data-e-type=\"widget\" data-widget_type=\"text-editor.default\">\n\t\t\t\t<div class=\"elementor-widget-container\">\n\t\t\t\t\t\t\t\t\t<p>Die &#8222;Vinodol-Sommerabende&#8220; sind eine Veranstaltung, die vom Tourismusverband der Gemeinde Vinodol im Juli und August organisiert wird. Ziel dieser Veranstaltung ist es, dem Publikum k\u00fcnstlerische Top-Events zu bieten und die Aufmerksamkeit der \u00d6ffentlichkeit auf das Vinodol-Tal zu lenken. Ebenso m\u00f6chte man die alten Frankopan Festungen Bribir und Drivenik wiederbeleben sowie durch die Einbeziehung lokaler Kultur- und Kunstvereine in das Veranstaltungsprogramm zur Affirmation volkst\u00fcmlicher Br\u00e4uche und Werte beitragen.<\/p>\n<p>Die Vinodol-Sommerabende wurden erstmals 2001 im Schloss Drivenik und an anderen Orten in Vinodol mit dem Ziel organisiert, Inhalte in den attraktiven R\u00e4umen der Frankopan-Schl\u00f6sser und Orte zu installieren, die diese R\u00e4umlichkeiten wiederbeleben und G\u00e4ste anziehen.<\/p>\n\t\t\t\t\t\t\t\t<\/div>\n\t\t\t\t<\/div>\n\t\t\t\t<div class=\"elementor-element elementor-element-c9aaf19 elementor-widget elementor-widget-image\" data-id=\"c9aaf19\" data-element_type=\"widget\" data-e-type=\"widget\" data-widget_type=\"image.default\">\n\t\t\t\t<div class=\"elementor-widget-container\">\n\t\t\t\t\t\t\t\t\t\t\t\t\t\t\t<img decoding=\"async\" src=\"https:\/\/tz-vinodol.hr\/wp-content\/uploads\/elementor\/thumbs\/underline-wave-p7eb8a8crzmm76b6c1niwqo5wm76qq8bdls6b7ehnk.png\" title=\"underline-wave.png\" alt=\"underline-wave.png\" loading=\"lazy\" \/>\t\t\t\t\t\t\t\t\t\t\t\t\t\t\t<\/div>\n\t\t\t\t<\/div>\n\t\t\t\t<div class=\"elementor-element elementor-element-9fadc29 elementor-widget elementor-widget-image\" data-id=\"9fadc29\" data-element_type=\"widget\" data-e-type=\"widget\" data-widget_type=\"image.default\">\n\t\t\t\t<div class=\"elementor-widget-container\">\n\t\t\t\t\t\t\t\t\t\t\t\t\t\t\t<img fetchpriority=\"high\" decoding=\"async\" width=\"1587\" height=\"2245\" src=\"https:\/\/tz-vinodol.hr\/wp-content\/uploads\/2023\/05\/22.-Vinpodolske-ljetne-vec\u030ceri-lipanj-srpanj-letak.png\" class=\"attachment-full size-full wp-image-32481\" alt=\"\" srcset=\"https:\/\/tz-vinodol.hr\/wp-content\/uploads\/2023\/05\/22.-Vinpodolske-ljetne-vec\u030ceri-lipanj-srpanj-letak.png 1587w, https:\/\/tz-vinodol.hr\/wp-content\/uploads\/2023\/05\/22.-Vinpodolske-ljetne-vec\u030ceri-lipanj-srpanj-letak-212x300.png 212w, https:\/\/tz-vinodol.hr\/wp-content\/uploads\/2023\/05\/22.-Vinpodolske-ljetne-vec\u030ceri-lipanj-srpanj-letak-724x1024.png 724w, https:\/\/tz-vinodol.hr\/wp-content\/uploads\/2023\/05\/22.-Vinpodolske-ljetne-vec\u030ceri-lipanj-srpanj-letak-768x1086.png 768w, https:\/\/tz-vinodol.hr\/wp-content\/uploads\/2023\/05\/22.-Vinpodolske-ljetne-vec\u030ceri-lipanj-srpanj-letak-1086x1536.png 1086w, https:\/\/tz-vinodol.hr\/wp-content\/uploads\/2023\/05\/22.-Vinpodolske-ljetne-vec\u030ceri-lipanj-srpanj-letak-1448x2048.png 1448w, https:\/\/tz-vinodol.hr\/wp-content\/uploads\/2023\/05\/22.-Vinpodolske-ljetne-vec\u030ceri-lipanj-srpanj-letak-600x849.png 600w, https:\/\/tz-vinodol.hr\/wp-content\/uploads\/2023\/05\/22.-Vinpodolske-ljetne-vec\u030ceri-lipanj-srpanj-letak-247x350.png 247w, https:\/\/tz-vinodol.hr\/wp-content\/uploads\/2023\/05\/22.-Vinpodolske-ljetne-vec\u030ceri-lipanj-srpanj-letak-566x800.png 566w\" sizes=\"(max-width: 1587px) 100vw, 1587px\" title=\"\">\t\t\t\t\t\t\t\t\t\t\t\t\t\t\t<\/div>\n\t\t\t\t<\/div>\n\t\t\t\t<div class=\"elementor-element elementor-element-a3b7cfb elementor-widget elementor-widget-image\" data-id=\"a3b7cfb\" data-element_type=\"widget\" data-e-type=\"widget\" data-widget_type=\"image.default\">\n\t\t\t\t<div class=\"elementor-widget-container\">\n\t\t\t\t\t\t\t\t\t\t\t\t\t\t\t<img decoding=\"async\" width=\"1587\" height=\"2245\" src=\"https:\/\/tz-vinodol.hr\/wp-content\/uploads\/2023\/05\/22.-Vinodolske-ljetne-vec\u030ceri-kolovoz-letak.png\" class=\"attachment-full size-full wp-image-32485\" alt=\"\" srcset=\"https:\/\/tz-vinodol.hr\/wp-content\/uploads\/2023\/05\/22.-Vinodolske-ljetne-vec\u030ceri-kolovoz-letak.png 1587w, https:\/\/tz-vinodol.hr\/wp-content\/uploads\/2023\/05\/22.-Vinodolske-ljetne-vec\u030ceri-kolovoz-letak-212x300.png 212w, https:\/\/tz-vinodol.hr\/wp-content\/uploads\/2023\/05\/22.-Vinodolske-ljetne-vec\u030ceri-kolovoz-letak-724x1024.png 724w, https:\/\/tz-vinodol.hr\/wp-content\/uploads\/2023\/05\/22.-Vinodolske-ljetne-vec\u030ceri-kolovoz-letak-768x1086.png 768w, https:\/\/tz-vinodol.hr\/wp-content\/uploads\/2023\/05\/22.-Vinodolske-ljetne-vec\u030ceri-kolovoz-letak-1086x1536.png 1086w, https:\/\/tz-vinodol.hr\/wp-content\/uploads\/2023\/05\/22.-Vinodolske-ljetne-vec\u030ceri-kolovoz-letak-1448x2048.png 1448w, https:\/\/tz-vinodol.hr\/wp-content\/uploads\/2023\/05\/22.-Vinodolske-ljetne-vec\u030ceri-kolovoz-letak-600x849.png 600w, https:\/\/tz-vinodol.hr\/wp-content\/uploads\/2023\/05\/22.-Vinodolske-ljetne-vec\u030ceri-kolovoz-letak-247x350.png 247w, https:\/\/tz-vinodol.hr\/wp-content\/uploads\/2023\/05\/22.-Vinodolske-ljetne-vec\u030ceri-kolovoz-letak-566x800.png 566w\" sizes=\"(max-width: 1587px) 100vw, 1587px\" title=\"\">\t\t\t\t\t\t\t\t\t\t\t\t\t\t\t<\/div>\n\t\t\t\t<\/div>\n\t\t\t\t<div class=\"elementor-element elementor-element-8101161 elementor-widget-divider--view-line elementor-widget elementor-widget-divider\" data-id=\"8101161\" data-element_type=\"widget\" data-e-type=\"widget\" data-widget_type=\"divider.default\">\n\t\t\t\t<div class=\"elementor-widget-container\">\n\t\t\t\t\t\t\t<div class=\"elementor-divider\">\n\t\t\t<span class=\"elementor-divider-separator\">\n\t\t\t\t\t\t<\/span>\n\t\t<\/div>\n\t\t\t\t\t\t<\/div>\n\t\t\t\t<\/div>\n\t\t\t\t\t<\/div>\n\t\t<\/div>\n\t\t\t\t\t<\/div>\n\t\t<\/section>\n\t\t\t\t<\/div>\n\t\t","protected":false},"excerpt":{"rendered":"<p>VINODOL SOMMERABENDE Die &#8222;Vinodol-Sommerabende&#8220; sind eine Veranstaltung, die vom Tourismusverband der Gemeinde Vinodol im Juli und August organisiert wird. Ziel dieser Veranstaltung ist es, dem Publikum k\u00fcnstlerische Top-Events zu bieten und die Aufmerksamkeit der \u00d6ffentlichkeit auf das Vinodol-Tal zu lenken. Ebenso m\u00f6chte man die alten Frankopan Festungen Bribir und Drivenik wiederbeleben sowie durch die Einbeziehung [&hellip;]<\/p>\n","protected":false},"author":1,"featured_media":0,"parent":0,"menu_order":0,"comment_status":"closed","ping_status":"closed","template":"elementor_header_footer","meta":{"_exactmetrics_skip_tracking":false,"_exactmetrics_sitenote_active":false,"_exactmetrics_sitenote_note":"","_exactmetrics_sitenote_category":0,"_jet_sm_ready_style":"","_jet_sm_style":"","_jet_sm_controls_values":"","_jet_sm_fonts_collection":"","_jet_sm_fonts_links":"","footnotes":""},"class_list":["post-9130","page","type-page","status-publish","hentry"],"_links":{"self":[{"href":"https:\/\/tz-vinodol.hr\/de\/wp-json\/wp\/v2\/pages\/9130","targetHints":{"allow":["GET"]}}],"collection":[{"href":"https:\/\/tz-vinodol.hr\/de\/wp-json\/wp\/v2\/pages"}],"about":[{"href":"https:\/\/tz-vinodol.hr\/de\/wp-json\/wp\/v2\/types\/page"}],"author":[{"embeddable":true,"href":"https:\/\/tz-vinodol.hr\/de\/wp-json\/wp\/v2\/users\/1"}],"replies":[{"embeddable":true,"href":"https:\/\/tz-vinodol.hr\/de\/wp-json\/wp\/v2\/comments?post=9130"}],"version-history":[{"count":6,"href":"https:\/\/tz-vinodol.hr\/de\/wp-json\/wp\/v2\/pages\/9130\/revisions"}],"predecessor-version":[{"id":32495,"href":"https:\/\/tz-vinodol.hr\/de\/wp-json\/wp\/v2\/pages\/9130\/revisions\/32495"}],"wp:attachment":[{"href":"https:\/\/tz-vinodol.hr\/de\/wp-json\/wp\/v2\/media?parent=9130"}],"curies":[{"name":"wp","href":"https:\/\/api.w.org\/{rel}","templated":true}]}}