{"id":7810,"date":"2021-06-20T20:17:13","date_gmt":"2021-06-20T18:17:13","guid":{"rendered":"http:\/\/tz-vinodol.hr\/lo-statuto-di-vinodol\/"},"modified":"2021-07-01T12:46:13","modified_gmt":"2021-07-01T10:46:13","slug":"lo-statuto-di-vinodol","status":"publish","type":"page","link":"https:\/\/tz-vinodol.hr\/it\/lo-statuto-di-vinodol\/","title":{"rendered":"LO STATUTO DI VINODOL"},"content":{"rendered":"\t\t<div data-elementor-type=\"wp-page\" data-elementor-id=\"7810\" class=\"elementor elementor-7810 elementor-4664\" data-elementor-post-type=\"page\">\n\t\t\t\t\t\t<section class=\"elementor-section elementor-top-section elementor-element elementor-element-e0131f1 elementor-section-full_width elementor-section-height-default elementor-section-height-default\" data-id=\"e0131f1\" data-element_type=\"section\" data-e-type=\"section\" data-settings=\"{&quot;background_background&quot;:&quot;classic&quot;,&quot;jet_parallax_layout_list&quot;:[{&quot;jet_parallax_layout_image&quot;:{&quot;url&quot;:&quot;&quot;,&quot;id&quot;:&quot;&quot;,&quot;size&quot;:&quot;&quot;},&quot;_id&quot;:&quot;cd2494b&quot;,&quot;jet_parallax_layout_image_tablet_extra&quot;:{&quot;url&quot;:&quot;&quot;,&quot;id&quot;:&quot;&quot;,&quot;size&quot;:&quot;&quot;},&quot;jet_parallax_layout_image_tablet&quot;:{&quot;url&quot;:&quot;&quot;,&quot;id&quot;:&quot;&quot;,&quot;size&quot;:&quot;&quot;},&quot;jet_parallax_layout_image_mobile_extra&quot;:{&quot;url&quot;:&quot;&quot;,&quot;id&quot;:&quot;&quot;,&quot;size&quot;:&quot;&quot;},&quot;jet_parallax_layout_image_mobile&quot;:{&quot;url&quot;:&quot;&quot;,&quot;id&quot;:&quot;&quot;,&quot;size&quot;:&quot;&quot;},&quot;jet_parallax_layout_speed&quot;:{&quot;unit&quot;:&quot;%&quot;,&quot;size&quot;:50,&quot;sizes&quot;:[]},&quot;jet_parallax_layout_type&quot;:&quot;scroll&quot;,&quot;jet_parallax_layout_direction&quot;:&quot;1&quot;,&quot;jet_parallax_layout_fx_direction&quot;:null,&quot;jet_parallax_layout_z_index&quot;:&quot;&quot;,&quot;jet_parallax_layout_bg_x&quot;:50,&quot;jet_parallax_layout_bg_x_tablet_extra&quot;:&quot;&quot;,&quot;jet_parallax_layout_bg_x_tablet&quot;:&quot;&quot;,&quot;jet_parallax_layout_bg_x_mobile_extra&quot;:&quot;&quot;,&quot;jet_parallax_layout_bg_x_mobile&quot;:&quot;&quot;,&quot;jet_parallax_layout_bg_y&quot;:50,&quot;jet_parallax_layout_bg_y_tablet_extra&quot;:&quot;&quot;,&quot;jet_parallax_layout_bg_y_tablet&quot;:&quot;&quot;,&quot;jet_parallax_layout_bg_y_mobile_extra&quot;:&quot;&quot;,&quot;jet_parallax_layout_bg_y_mobile&quot;:&quot;&quot;,&quot;jet_parallax_layout_bg_size&quot;:&quot;auto&quot;,&quot;jet_parallax_layout_bg_size_tablet_extra&quot;:&quot;&quot;,&quot;jet_parallax_layout_bg_size_tablet&quot;:&quot;&quot;,&quot;jet_parallax_layout_bg_size_mobile_extra&quot;:&quot;&quot;,&quot;jet_parallax_layout_bg_size_mobile&quot;:&quot;&quot;,&quot;jet_parallax_layout_animation_prop&quot;:&quot;transform&quot;,&quot;jet_parallax_layout_on&quot;:[&quot;desktop&quot;,&quot;tablet&quot;]}]}\">\n\t\t\t\t\t\t\t<div class=\"elementor-background-overlay\"><\/div>\n\t\t\t\t\t\t\t<div class=\"elementor-container elementor-column-gap-default\">\n\t\t\t\t\t<div class=\"elementor-column elementor-col-100 elementor-top-column elementor-element elementor-element-8d3c515\" data-id=\"8d3c515\" data-element_type=\"column\" data-e-type=\"column\" data-settings=\"{&quot;background_background&quot;:&quot;classic&quot;}\">\n\t\t\t<div class=\"elementor-widget-wrap elementor-element-populated\">\n\t\t\t\t\t<div class=\"elementor-background-overlay\"><\/div>\n\t\t\t\t\t\t<section class=\"elementor-section elementor-inner-section elementor-element elementor-element-2df1568 elementor-section-height-min-height elementor-section-boxed elementor-section-height-default\" data-id=\"2df1568\" data-element_type=\"section\" data-e-type=\"section\" data-settings=\"{&quot;jet_parallax_layout_list&quot;:[{&quot;jet_parallax_layout_image&quot;:{&quot;url&quot;:&quot;&quot;,&quot;id&quot;:&quot;&quot;,&quot;size&quot;:&quot;&quot;},&quot;_id&quot;:&quot;5f913cf&quot;,&quot;jet_parallax_layout_image_tablet_extra&quot;:{&quot;url&quot;:&quot;&quot;,&quot;id&quot;:&quot;&quot;,&quot;size&quot;:&quot;&quot;},&quot;jet_parallax_layout_image_tablet&quot;:{&quot;url&quot;:&quot;&quot;,&quot;id&quot;:&quot;&quot;,&quot;size&quot;:&quot;&quot;},&quot;jet_parallax_layout_image_mobile_extra&quot;:{&quot;url&quot;:&quot;&quot;,&quot;id&quot;:&quot;&quot;,&quot;size&quot;:&quot;&quot;},&quot;jet_parallax_layout_image_mobile&quot;:{&quot;url&quot;:&quot;&quot;,&quot;id&quot;:&quot;&quot;,&quot;size&quot;:&quot;&quot;},&quot;jet_parallax_layout_speed&quot;:{&quot;unit&quot;:&quot;%&quot;,&quot;size&quot;:50,&quot;sizes&quot;:[]},&quot;jet_parallax_layout_type&quot;:&quot;scroll&quot;,&quot;jet_parallax_layout_direction&quot;:&quot;1&quot;,&quot;jet_parallax_layout_fx_direction&quot;:null,&quot;jet_parallax_layout_z_index&quot;:&quot;&quot;,&quot;jet_parallax_layout_bg_x&quot;:50,&quot;jet_parallax_layout_bg_x_tablet_extra&quot;:&quot;&quot;,&quot;jet_parallax_layout_bg_x_tablet&quot;:&quot;&quot;,&quot;jet_parallax_layout_bg_x_mobile_extra&quot;:&quot;&quot;,&quot;jet_parallax_layout_bg_x_mobile&quot;:&quot;&quot;,&quot;jet_parallax_layout_bg_y&quot;:50,&quot;jet_parallax_layout_bg_y_tablet_extra&quot;:&quot;&quot;,&quot;jet_parallax_layout_bg_y_tablet&quot;:&quot;&quot;,&quot;jet_parallax_layout_bg_y_mobile_extra&quot;:&quot;&quot;,&quot;jet_parallax_layout_bg_y_mobile&quot;:&quot;&quot;,&quot;jet_parallax_layout_bg_size&quot;:&quot;auto&quot;,&quot;jet_parallax_layout_bg_size_tablet_extra&quot;:&quot;&quot;,&quot;jet_parallax_layout_bg_size_tablet&quot;:&quot;&quot;,&quot;jet_parallax_layout_bg_size_mobile_extra&quot;:&quot;&quot;,&quot;jet_parallax_layout_bg_size_mobile&quot;:&quot;&quot;,&quot;jet_parallax_layout_animation_prop&quot;:&quot;transform&quot;,&quot;jet_parallax_layout_on&quot;:[&quot;desktop&quot;,&quot;tablet&quot;]}]}\">\n\t\t\t\t\t\t<div class=\"elementor-container elementor-column-gap-default\">\n\t\t\t\t\t<div class=\"elementor-column elementor-col-100 elementor-inner-column elementor-element elementor-element-a541620\" data-id=\"a541620\" data-element_type=\"column\" data-e-type=\"column\">\n\t\t\t<div class=\"elementor-widget-wrap elementor-element-populated\">\n\t\t\t\t\t\t<div class=\"elementor-element elementor-element-66d285f3 elementor-widget elementor-widget-heading\" data-id=\"66d285f3\" data-element_type=\"widget\" data-e-type=\"widget\" data-widget_type=\"heading.default\">\n\t\t\t\t<div class=\"elementor-widget-container\">\n\t\t\t\t\t<h2 class=\"elementor-heading-title elementor-size-default\">Il codice di Vinodol <br>e l\u2019alfabeto glagolitico<\/h2>\t\t\t\t<\/div>\n\t\t\t\t<\/div>\n\t\t\t\t<div class=\"elementor-element elementor-element-3c3ad3a elementor-widget elementor-widget-image\" data-id=\"3c3ad3a\" data-element_type=\"widget\" data-e-type=\"widget\" data-widget_type=\"image.default\">\n\t\t\t\t<div class=\"elementor-widget-container\">\n\t\t\t\t\t\t\t\t\t\t\t\t\t\t\t<img decoding=\"async\" src=\"https:\/\/tz-vinodol.hr\/wp-content\/uploads\/elementor\/thumbs\/underline-wave-p7eb8a8crzmm76b6c1niwqo5wm76qq8bdls6b7ehnk.png\" title=\"underline-wave.png\" alt=\"underline-wave.png\" loading=\"lazy\" \/>\t\t\t\t\t\t\t\t\t\t\t\t\t\t\t<\/div>\n\t\t\t\t<\/div>\n\t\t\t\t\t<\/div>\n\t\t<\/div>\n\t\t\t\t\t<\/div>\n\t\t<\/section>\n\t\t\t\t\t<\/div>\n\t\t<\/div>\n\t\t\t\t\t<\/div>\n\t\t<\/section>\n\t\t\t\t<section class=\"elementor-section elementor-top-section elementor-element elementor-element-41a24278 elementor-reverse-mobile elementor-section-boxed elementor-section-height-default elementor-section-height-default\" data-id=\"41a24278\" data-element_type=\"section\" data-e-type=\"section\" data-settings=\"{&quot;jet_parallax_layout_list&quot;:[{&quot;_id&quot;:&quot;0a1e982&quot;,&quot;jet_parallax_layout_image&quot;:{&quot;url&quot;:&quot;&quot;,&quot;id&quot;:&quot;&quot;,&quot;size&quot;:&quot;&quot;},&quot;jet_parallax_layout_image_tablet_extra&quot;:{&quot;url&quot;:&quot;&quot;,&quot;id&quot;:&quot;&quot;,&quot;size&quot;:&quot;&quot;},&quot;jet_parallax_layout_image_tablet&quot;:{&quot;url&quot;:&quot;&quot;,&quot;id&quot;:&quot;&quot;,&quot;size&quot;:&quot;&quot;},&quot;jet_parallax_layout_image_mobile_extra&quot;:{&quot;url&quot;:&quot;&quot;,&quot;id&quot;:&quot;&quot;,&quot;size&quot;:&quot;&quot;},&quot;jet_parallax_layout_image_mobile&quot;:{&quot;url&quot;:&quot;&quot;,&quot;id&quot;:&quot;&quot;,&quot;size&quot;:&quot;&quot;},&quot;jet_parallax_layout_speed&quot;:{&quot;unit&quot;:&quot;%&quot;,&quot;size&quot;:50,&quot;sizes&quot;:[]},&quot;jet_parallax_layout_type&quot;:&quot;scroll&quot;,&quot;jet_parallax_layout_direction&quot;:&quot;1&quot;,&quot;jet_parallax_layout_fx_direction&quot;:null,&quot;jet_parallax_layout_z_index&quot;:&quot;&quot;,&quot;jet_parallax_layout_bg_x&quot;:50,&quot;jet_parallax_layout_bg_x_tablet_extra&quot;:&quot;&quot;,&quot;jet_parallax_layout_bg_x_tablet&quot;:&quot;&quot;,&quot;jet_parallax_layout_bg_x_mobile_extra&quot;:&quot;&quot;,&quot;jet_parallax_layout_bg_x_mobile&quot;:&quot;&quot;,&quot;jet_parallax_layout_bg_y&quot;:50,&quot;jet_parallax_layout_bg_y_tablet_extra&quot;:&quot;&quot;,&quot;jet_parallax_layout_bg_y_tablet&quot;:&quot;&quot;,&quot;jet_parallax_layout_bg_y_mobile_extra&quot;:&quot;&quot;,&quot;jet_parallax_layout_bg_y_mobile&quot;:&quot;&quot;,&quot;jet_parallax_layout_bg_size&quot;:&quot;auto&quot;,&quot;jet_parallax_layout_bg_size_tablet_extra&quot;:&quot;&quot;,&quot;jet_parallax_layout_bg_size_tablet&quot;:&quot;&quot;,&quot;jet_parallax_layout_bg_size_mobile_extra&quot;:&quot;&quot;,&quot;jet_parallax_layout_bg_size_mobile&quot;:&quot;&quot;,&quot;jet_parallax_layout_animation_prop&quot;:&quot;transform&quot;,&quot;jet_parallax_layout_on&quot;:[&quot;desktop&quot;,&quot;tablet&quot;]}]}\">\n\t\t\t\t\t\t\t<div class=\"elementor-background-overlay\"><\/div>\n\t\t\t\t\t\t\t<div class=\"elementor-container elementor-column-gap-default\">\n\t\t\t\t\t<div class=\"elementor-column elementor-col-100 elementor-top-column elementor-element elementor-element-3060ae62\" data-id=\"3060ae62\" data-element_type=\"column\" data-e-type=\"column\">\n\t\t\t<div class=\"elementor-widget-wrap elementor-element-populated\">\n\t\t\t\t\t\t<div class=\"elementor-element elementor-element-44ae66b elementor-widget elementor-widget-heading\" data-id=\"44ae66b\" data-element_type=\"widget\" data-e-type=\"widget\" data-widget_type=\"heading.default\">\n\t\t\t\t<div class=\"elementor-widget-container\">\n\t\t\t\t\t<h2 class=\"elementor-heading-title elementor-size-default\">Il codice di Vinodol<\/h2>\t\t\t\t<\/div>\n\t\t\t\t<\/div>\n\t\t\t\t<div class=\"elementor-element elementor-element-3a5cbe1 elementor-widget elementor-widget-heading\" data-id=\"3a5cbe1\" data-element_type=\"widget\" data-e-type=\"widget\" data-widget_type=\"heading.default\">\n\t\t\t\t<div class=\"elementor-widget-container\">\n\t\t\t\t\t<h2 class=\"elementor-heading-title elementor-size-default\">Il codice di Vinodol \u00e8 il testo pi\u00f9 antico di diritto medievale pubblico della Croazia, redatto in dialetto ciacavo e alfabeto glagolitico antico.<\/h2>\t\t\t\t<\/div>\n\t\t\t\t<\/div>\n\t\t\t\t<div class=\"elementor-element elementor-element-5e43a0a3 elementor-widget elementor-widget-image\" data-id=\"5e43a0a3\" data-element_type=\"widget\" data-e-type=\"widget\" data-widget_type=\"image.default\">\n\t\t\t\t<div class=\"elementor-widget-container\">\n\t\t\t\t\t\t\t\t\t\t\t\t\t\t\t<img decoding=\"async\" src=\"https:\/\/tz-vinodol.hr\/wp-content\/uploads\/elementor\/thumbs\/underline-wave-p7eb8a8crzmm76b6c1niwqo5wm76qq8bdls6b7ehnk.png\" title=\"underline-wave.png\" alt=\"underline-wave.png\" loading=\"lazy\" \/>\t\t\t\t\t\t\t\t\t\t\t\t\t\t\t<\/div>\n\t\t\t\t<\/div>\n\t\t\t\t<div class=\"elementor-element elementor-element-629c1e0 elementor-widget elementor-widget-text-editor\" data-id=\"629c1e0\" data-element_type=\"widget\" data-e-type=\"widget\" data-widget_type=\"text-editor.default\">\n\t\t\t\t<div class=\"elementor-widget-container\">\n\t\t\t\t\t\t\t\t\t<div align=\"justify\"><p><img fetchpriority=\"high\" decoding=\"async\" class=\"alignleft wp-image-4669\" src=\"https:\/\/tz-vinodol.hr\/wp-content\/uploads\/2021\/05\/im-1-300x223.jpg\" alt=\"\" width=\"450\" height=\"334\" title=\"\" srcset=\"https:\/\/tz-vinodol.hr\/wp-content\/uploads\/2021\/05\/im-1-300x223.jpg 300w, https:\/\/tz-vinodol.hr\/wp-content\/uploads\/2021\/05\/im-1-600x446.jpg 600w, https:\/\/tz-vinodol.hr\/wp-content\/uploads\/2021\/05\/im-1.jpg 700w\" sizes=\"(max-width: 450px) 100vw, 450px\" \/><\/p><p>Gi\u00e0 nel 1288, il 6 gennaio, a Novi Vinodolski, il principe Leonardo di Veglia e i rappresentanti di nove citt\u00e0 di Vinodol si incontrarono: Bakar, Bribir, Drivenik, Gri\u017ean, Grobnik, Hreljin, Ledenice, Novi e Trsat. Elaborarono e firmarono uno dei pi\u00f9 antichi documenti conosciuti di diritto consuetudinario denominato \u201cCodice di Vinodol\u201d, scritto nel dialetto ciacavo e nell\u2019antico alfabeto glagolitico croato.<\/p><p>Il Codice \u00e8 composto da 77 articoli in cui sono ampiamente elaborati i rapporti tra le citt\u00e0 libere di Vinodol e i principi di Krk (Veglia), scritti su 14 fogli di pergamena. Infatti, il dono del re Andrea II d\u2019Ungheria nel 1225 Vinodol cadde sotto il dominio dei signori di Krk. I contadini liberi non volevano diventare servi della gleba, quindi ci fu un conflitto che dur\u00f2 fino al 1288, quando gli abitanti di Vinodol riconobbero l\u2019autorit\u00e0 dei principi dell\u2019isola e questi ultimi diedero loro alcune concessioni.<\/p><p>Sebbene sia una legge che tutela principalmente gli interessi dei feudatari, il Codice di Vinodol contiene novit\u00e0 da vari rami del diritto: amministrativo, penale e procedurale, \u00e8 un monumento importante dell\u2019antico diritto consuetudinario croato. Interessante \u00e8 anche il fatto che menzioni \u201ci diritti delle donne\u201d, cosa impensabile all\u2019epoca. Il Codice inoltre illumina vividamente il processo di feudalizzazione in Croazia e dimostra l\u2019alto livello di sviluppo sociale della zona di Vinodol nel XIII secolo.<\/p><p>Ad oggi, il Codice di Vinodol \u00e8 uno dei documenti legali pi\u00f9 studiati al mondo, ed \u00e8 ancora oggetto di varie ricerche e argomenti di lavori professionali come un importante monumento della cultura croata.<\/p><p>L\u2019originale del testo non \u00e8 stato conservato e il manoscritto pi\u00f9 antico (custodito nella Biblioteca nazionale e universitaria di Zagabria) \u00e8 stato scritto in glagolitico nella seconda met\u00e0 del XVI secolo. \u00c8 stato pubblicato per la prima volta da Antun Ma\u017eurani\u0107 nel 1843 sulla rivista Kolo. Josip Bodnjanski tradusse il Codice in russo, Wac\u0142aw Alexander Maciejowski in polacco nel 1856. Nel 1878, A. M. Evreinova pubblic\u00f2 a San Pietroburgo un\u2019edizione fototipica dell\u2019originale con trascrizione latina e cirillica. Tra gli storici di diritto, a studiarlo pi\u00f9 in dettaglio nei tempi recenti \u00e8 stato Lujo Margeti\u0107. Solo la Giustizia russa, composta in slavo nel periodo dall\u2019XI al XIII secolo, \u00e8 pi\u00f9 antica del Codice.<\/p><h6 style=\"text-align: right;\">Fonte: Dra\u017een Krajcar \/ povijest.hr<\/h6><\/div>\t\t\t\t\t\t\t\t<\/div>\n\t\t\t\t<\/div>\n\t\t\t\t\t<\/div>\n\t\t<\/div>\n\t\t\t\t\t<\/div>\n\t\t<\/section>\n\t\t\t\t<section class=\"elementor-section elementor-top-section elementor-element elementor-element-7780e90 elementor-reverse-mobile elementor-section-boxed elementor-section-height-default elementor-section-height-default\" data-id=\"7780e90\" data-element_type=\"section\" data-e-type=\"section\" data-settings=\"{&quot;jet_parallax_layout_list&quot;:[{&quot;_id&quot;:&quot;0a1e982&quot;,&quot;jet_parallax_layout_image&quot;:{&quot;url&quot;:&quot;&quot;,&quot;id&quot;:&quot;&quot;,&quot;size&quot;:&quot;&quot;},&quot;jet_parallax_layout_image_tablet_extra&quot;:{&quot;url&quot;:&quot;&quot;,&quot;id&quot;:&quot;&quot;,&quot;size&quot;:&quot;&quot;},&quot;jet_parallax_layout_image_tablet&quot;:{&quot;url&quot;:&quot;&quot;,&quot;id&quot;:&quot;&quot;,&quot;size&quot;:&quot;&quot;},&quot;jet_parallax_layout_image_mobile_extra&quot;:{&quot;url&quot;:&quot;&quot;,&quot;id&quot;:&quot;&quot;,&quot;size&quot;:&quot;&quot;},&quot;jet_parallax_layout_image_mobile&quot;:{&quot;url&quot;:&quot;&quot;,&quot;id&quot;:&quot;&quot;,&quot;size&quot;:&quot;&quot;},&quot;jet_parallax_layout_speed&quot;:{&quot;unit&quot;:&quot;%&quot;,&quot;size&quot;:50,&quot;sizes&quot;:[]},&quot;jet_parallax_layout_type&quot;:&quot;scroll&quot;,&quot;jet_parallax_layout_direction&quot;:&quot;1&quot;,&quot;jet_parallax_layout_fx_direction&quot;:null,&quot;jet_parallax_layout_z_index&quot;:&quot;&quot;,&quot;jet_parallax_layout_bg_x&quot;:50,&quot;jet_parallax_layout_bg_x_tablet_extra&quot;:&quot;&quot;,&quot;jet_parallax_layout_bg_x_tablet&quot;:&quot;&quot;,&quot;jet_parallax_layout_bg_x_mobile_extra&quot;:&quot;&quot;,&quot;jet_parallax_layout_bg_x_mobile&quot;:&quot;&quot;,&quot;jet_parallax_layout_bg_y&quot;:50,&quot;jet_parallax_layout_bg_y_tablet_extra&quot;:&quot;&quot;,&quot;jet_parallax_layout_bg_y_tablet&quot;:&quot;&quot;,&quot;jet_parallax_layout_bg_y_mobile_extra&quot;:&quot;&quot;,&quot;jet_parallax_layout_bg_y_mobile&quot;:&quot;&quot;,&quot;jet_parallax_layout_bg_size&quot;:&quot;auto&quot;,&quot;jet_parallax_layout_bg_size_tablet_extra&quot;:&quot;&quot;,&quot;jet_parallax_layout_bg_size_tablet&quot;:&quot;&quot;,&quot;jet_parallax_layout_bg_size_mobile_extra&quot;:&quot;&quot;,&quot;jet_parallax_layout_bg_size_mobile&quot;:&quot;&quot;,&quot;jet_parallax_layout_animation_prop&quot;:&quot;transform&quot;,&quot;jet_parallax_layout_on&quot;:[&quot;desktop&quot;,&quot;tablet&quot;]}]}\">\n\t\t\t\t\t\t<div class=\"elementor-container elementor-column-gap-default\">\n\t\t\t\t\t<div class=\"elementor-column elementor-col-100 elementor-top-column elementor-element elementor-element-b7fffb6\" data-id=\"b7fffb6\" data-element_type=\"column\" data-e-type=\"column\">\n\t\t\t<div class=\"elementor-widget-wrap elementor-element-populated\">\n\t\t\t\t\t\t<div class=\"elementor-element elementor-element-98245cb elementor-widget elementor-widget-heading\" data-id=\"98245cb\" data-element_type=\"widget\" data-e-type=\"widget\" data-widget_type=\"heading.default\">\n\t\t\t\t<div class=\"elementor-widget-container\">\n\t\t\t\t\t<h2 class=\"elementor-heading-title elementor-size-default\">L\u2019alfabeto glagolitico<\/h2>\t\t\t\t<\/div>\n\t\t\t\t<\/div>\n\t\t\t\t<div class=\"elementor-element elementor-element-fab901a elementor-widget elementor-widget-heading\" data-id=\"fab901a\" data-element_type=\"widget\" data-e-type=\"widget\" data-widget_type=\"heading.default\">\n\t\t\t\t<div class=\"elementor-widget-container\">\n\t\t\t\t\t<h2 class=\"elementor-heading-title elementor-size-default\">un alfabeto slavo antico, apparso nella seconda met\u00e0 dell\u2019XI secolo<\/h2>\t\t\t\t<\/div>\n\t\t\t\t<\/div>\n\t\t\t\t<div class=\"elementor-element elementor-element-bc61c9b elementor-widget elementor-widget-image\" data-id=\"bc61c9b\" data-element_type=\"widget\" data-e-type=\"widget\" data-widget_type=\"image.default\">\n\t\t\t\t<div class=\"elementor-widget-container\">\n\t\t\t\t\t\t\t\t\t\t\t\t\t\t\t<img decoding=\"async\" src=\"https:\/\/tz-vinodol.hr\/wp-content\/uploads\/elementor\/thumbs\/underline-wave-p7eb8a8crzmm76b6c1niwqo5wm76qq8bdls6b7ehnk.png\" title=\"underline-wave.png\" alt=\"underline-wave.png\" loading=\"lazy\" \/>\t\t\t\t\t\t\t\t\t\t\t\t\t\t\t<\/div>\n\t\t\t\t<\/div>\n\t\t\t\t<div class=\"elementor-element elementor-element-c8a1131 elementor-widget elementor-widget-text-editor\" data-id=\"c8a1131\" data-element_type=\"widget\" data-e-type=\"widget\" data-widget_type=\"text-editor.default\">\n\t\t\t\t<div class=\"elementor-widget-container\">\n\t\t\t\t\t\t\t\t\t<div align=\"justify\"><p><img decoding=\"async\" class=\"alignleft size-medium wp-image-4670\" src=\"https:\/\/tz-vinodol.hr\/wp-content\/uploads\/2021\/05\/Glagoljica_Zagreb_Kathedral-229x300.jpg\" alt=\"\" width=\"229\" height=\"300\" title=\"\" srcset=\"https:\/\/tz-vinodol.hr\/wp-content\/uploads\/2021\/05\/Glagoljica_Zagreb_Kathedral-229x300.jpg 229w, https:\/\/tz-vinodol.hr\/wp-content\/uploads\/2021\/05\/Glagoljica_Zagreb_Kathedral-782x1024.jpg 782w, https:\/\/tz-vinodol.hr\/wp-content\/uploads\/2021\/05\/Glagoljica_Zagreb_Kathedral-768x1005.jpg 768w, https:\/\/tz-vinodol.hr\/wp-content\/uploads\/2021\/05\/Glagoljica_Zagreb_Kathedral-1174x1536.jpg 1174w, https:\/\/tz-vinodol.hr\/wp-content\/uploads\/2021\/05\/Glagoljica_Zagreb_Kathedral-600x785.jpg 600w, https:\/\/tz-vinodol.hr\/wp-content\/uploads\/2021\/05\/Glagoljica_Zagreb_Kathedral.jpg 1438w\" sizes=\"(max-width: 229px) 100vw, 229px\" \/><\/p><div><p>L\u2019alfabeto glagolitico \u00e8 un alfabeto slavo antico, apparso a met\u00e0 dell\u2019XI secolo, che rimase presente in Croazia fino al XIX secolo, bench\u00e9 gi\u00e0 agli inizi del XVI secolo comincia ad essere sostituito dall\u2019alfabeto latino. L\u2019alfabeto glagolitico si presenta in due varianti: il glagolitico bulgaro, o rotondo, e il glagolitico croato, o quadrato. Tra gli autori principali in alfabeto glagolitico, spiccano San Cirillo e San Metodio che traducevano i libri sacri in questa antica lingua slava.<\/p><p>Nelle terre di Vinodol, molti documenti furono redatti in lingua croata e in alfabeto glagolitico. Sono importanti per comprendere le opportunit\u00e0 sociali, economiche e culturali attraverso lo sviluppo storico della zona di Vinodol. Alcuni di essi potrebbero non avere valore storico, ma sono comunque una fonte per conoscere delle caratteristiche di Vinodol e dei suoi abitanti nel passato; per la conoscenza dei cognomi popolari croati, delle usanze legali popolari, della topografia, delle parole popolari e sono particolarmente utili per l&#8217;apprendimento dell&#8217;antica lingua croata, e \u00bbpoich\u00e9 la maggior parte dei documenti glagolitici proviene da aree in cui viene utilizzato il ciacavo, sono di notevole valore per lo studio del nostro dialetto croato \u00ab\u2026<\/p><\/div><\/div><div align=\"justify\"><div align=\"left\">\u00a0<\/div><h6 style=\"text-align: right;\" align=\"left\">Ivan Barbari\u0107 prof.<\/h6><\/div>\t\t\t\t\t\t\t\t<\/div>\n\t\t\t\t<\/div>\n\t\t\t\t\t<\/div>\n\t\t<\/div>\n\t\t\t\t\t<\/div>\n\t\t<\/section>\n\t\t\t\t<\/div>\n\t\t","protected":false},"excerpt":{"rendered":"<p>Il codice di Vinodol e l\u2019alfabeto glagolitico Il codice di Vinodol Il codice di Vinodol \u00e8 il testo pi\u00f9 antico di diritto medievale pubblico della Croazia, redatto in dialetto ciacavo e alfabeto glagolitico antico. Gi\u00e0 nel 1288, il 6 gennaio, a Novi Vinodolski, il principe Leonardo di Veglia e i rappresentanti di nove citt\u00e0 di [&hellip;]<\/p>\n","protected":false},"author":1,"featured_media":0,"parent":0,"menu_order":0,"comment_status":"closed","ping_status":"closed","template":"elementor_header_footer","meta":{"_exactmetrics_skip_tracking":false,"_exactmetrics_sitenote_active":false,"_exactmetrics_sitenote_note":"","_exactmetrics_sitenote_category":0,"_jet_sm_ready_style":"","_jet_sm_style":"","_jet_sm_controls_values":"","_jet_sm_fonts_collection":"","_jet_sm_fonts_links":"","footnotes":""},"class_list":["post-7810","page","type-page","status-publish","hentry"],"_links":{"self":[{"href":"https:\/\/tz-vinodol.hr\/it\/wp-json\/wp\/v2\/pages\/7810","targetHints":{"allow":["GET"]}}],"collection":[{"href":"https:\/\/tz-vinodol.hr\/it\/wp-json\/wp\/v2\/pages"}],"about":[{"href":"https:\/\/tz-vinodol.hr\/it\/wp-json\/wp\/v2\/types\/page"}],"author":[{"embeddable":true,"href":"https:\/\/tz-vinodol.hr\/it\/wp-json\/wp\/v2\/users\/1"}],"replies":[{"embeddable":true,"href":"https:\/\/tz-vinodol.hr\/it\/wp-json\/wp\/v2\/comments?post=7810"}],"version-history":[{"count":7,"href":"https:\/\/tz-vinodol.hr\/it\/wp-json\/wp\/v2\/pages\/7810\/revisions"}],"predecessor-version":[{"id":9682,"href":"https:\/\/tz-vinodol.hr\/it\/wp-json\/wp\/v2\/pages\/7810\/revisions\/9682"}],"wp:attachment":[{"href":"https:\/\/tz-vinodol.hr\/it\/wp-json\/wp\/v2\/media?parent=7810"}],"curies":[{"name":"wp","href":"https:\/\/api.w.org\/{rel}","templated":true}]}}